{"id":290,"date":"2026-03-04T21:11:12","date_gmt":"2026-03-05T02:11:12","guid":{"rendered":"https:\/\/www.hitcommunications.com\/regions\/?page_id=290"},"modified":"2026-03-09T17:03:46","modified_gmt":"2026-03-09T22:03:46","slug":"regions","status":"publish","type":"page","link":"https:\/\/www.hitcommunications.com\/regions\/","title":{"rendered":"REGIONS"},"content":{"rendered":"\t\t<div data-elementor-type=\"wp-page\" data-elementor-id=\"290\" class=\"elementor elementor-290\" data-elementor-post-type=\"page\">\n\t\t\t\t<div class=\"elementor-element elementor-element-0f099bd e-grid e-con-full e-con e-parent\" data-id=\"0f099bd\" data-element_type=\"container\" data-e-type=\"container\" data-settings=\"{&quot;background_background&quot;:&quot;video&quot;,&quot;background_video_link&quot;:&quot;https:\\\/\\\/youtu.be\\\/2kQyZ0Sp9Xk&quot;}\">\n\t\t<div class=\"elementor-background-video-container elementor-hidden-mobile\">\n\t\t\t\t\t\t\t<div class=\"elementor-background-video-embed\" role=\"presentation\"><\/div>\n\t\t\t\t\t\t<\/div>\t\t<div class=\"elementor-element elementor-element-85f5b68 elementor-widget elementor-widget-text-editor\" data-id=\"85f5b68\" data-element_type=\"widget\" data-e-type=\"widget\" data-widget_type=\"text-editor.default\">\n\t\t\t\t\t\t\t\t\t<p>Impulsando el potencial de cada regi\u00f3n<\/p>\t\t\t\t\t\t\t\t<\/div>\n\t\t\t\t<div class=\"elementor-element elementor-element-93c5f43 elementor-widget elementor-widget-spacer\" data-id=\"93c5f43\" data-element_type=\"widget\" data-e-type=\"widget\" data-widget_type=\"spacer.default\">\n\t\t\t\t\t\t\t<div class=\"elementor-spacer\">\n\t\t\t<div class=\"elementor-spacer-inner\"><\/div>\n\t\t<\/div>\n\t\t\t\t\t\t<\/div>\n\t\t<div class=\"elementor-element elementor-element-c4bfcba e-grid e-con-boxed e-con e-child\" data-id=\"c4bfcba\" data-element_type=\"container\" data-e-type=\"container\">\n\t\t\t\t\t<div class=\"e-con-inner\">\n\t\t\t\t<div class=\"elementor-element elementor-element-815935a elementor-widget elementor-widget-button\" data-id=\"815935a\" data-element_type=\"widget\" data-e-type=\"widget\" data-widget_type=\"button.default\">\n\t\t\t\t\t\t\t\t\t\t<a class=\"elementor-button elementor-button-link elementor-size-sm\" href=\"https:\/\/www.hitcommunications.com\/es\/sobre-nos\/\">\n\t\t\t\t\t\t<span class=\"elementor-button-content-wrapper\">\n\t\t\t\t\t\t\t\t\t<span class=\"elementor-button-text\">Sobre Nosotros<\/span>\n\t\t\t\t\t<\/span>\n\t\t\t\t\t<\/a>\n\t\t\t\t\t\t\t\t<\/div>\n\t\t\t\t<div class=\"elementor-element elementor-element-f765af6 elementor-widget elementor-widget-button\" data-id=\"f765af6\" data-element_type=\"widget\" data-e-type=\"widget\" data-widget_type=\"button.default\">\n\t\t\t\t\t\t\t\t\t\t<a class=\"elementor-button elementor-button-link elementor-size-sm\" href=\"https:\/\/www.hitcommunications.com\/es\/solucoes\/\">\n\t\t\t\t\t\t<span class=\"elementor-button-content-wrapper\">\n\t\t\t\t\t\t<span class=\"elementor-button-icon\">\n\t\t\t\t<svg aria-hidden=\"true\" class=\"e-font-icon-svg e-fas-arrow-alt-circle-right\" viewBox=\"0 0 512 512\" xmlns=\"http:\/\/www.w3.org\/2000\/svg\"><path d=\"M256 8c137 0 248 111 248 248S393 504 256 504 8 393 8 256 119 8 256 8zM140 300h116v70.9c0 10.7 13 16.1 20.5 8.5l114.3-114.9c4.7-4.7 4.7-12.2 0-16.9l-114.3-115c-7.6-7.6-20.5-2.2-20.5 8.5V212H140c-6.6 0-12 5.4-12 12v64c0 6.6 5.4 12 12 12z\"><\/path><\/svg>\t\t\t<\/span>\n\t\t\t\t\t\t\t\t\t<span class=\"elementor-button-text\"> Nuestros servicios<\/span>\n\t\t\t\t\t<\/span>\n\t\t\t\t\t<\/a>\n\t\t\t\t\t\t\t\t<\/div>\n\t\t\t\t\t<\/div>\n\t\t\t\t<\/div>\n\t\t\t\t<\/div>\n\t\t<div class=\"elementor-element elementor-element-3973062 e-flex e-con-boxed e-con e-parent\" data-id=\"3973062\" data-element_type=\"container\" data-e-type=\"container\">\n\t\t\t\t\t<div class=\"e-con-inner\">\n\t\t\t\t<div class=\"elementor-element elementor-element-277e32f elementor-widget elementor-widget-spacer\" data-id=\"277e32f\" data-element_type=\"widget\" data-e-type=\"widget\" data-widget_type=\"spacer.default\">\n\t\t\t\t\t\t\t<div class=\"elementor-spacer\">\n\t\t\t<div class=\"elementor-spacer-inner\"><\/div>\n\t\t<\/div>\n\t\t\t\t\t\t<\/div>\n\t\t\t\t<div class=\"elementor-element elementor-element-0ef2842 elementor-widget elementor-widget-text-editor\" data-id=\"0ef2842\" data-element_type=\"widget\" data-e-type=\"widget\" data-widget_type=\"text-editor.default\">\n\t\t\t\t\t\t\t\t\t<p>En <strong>HIT Communications<\/strong>, nuestra red se expande para llevar soluciones de alta tecnolog\u00eda a cada rinc\u00f3n del pa\u00eds. Nos enfocamos en <strong>derribar las barreras geogr\u00e1ficas<\/strong> a trav\u00e9s de una infraestructura de fibra \u00f3ptica y servicios en la nube de <strong>\u00faltima generaci\u00f3n<\/strong>, garantizando que tu empresa cuente con la estabilidad y velocidad necesarias para liderar el mercado local, sin importar d\u00f3nde se encuentre.<\/p>\t\t\t\t\t\t\t\t<\/div>\n\t\t\t\t\t<\/div>\n\t\t\t\t<\/div>\n\t\t<div class=\"elementor-element elementor-element-b7f8a41 e-grid e-con-boxed e-con e-parent\" data-id=\"b7f8a41\" data-element_type=\"container\" data-e-type=\"container\">\n\t\t\t\t\t<div class=\"e-con-inner\">\n\t\t\t\t<div class=\"elementor-element elementor-element-094dcc9 elementor-widget elementor-widget-image\" data-id=\"094dcc9\" data-element_type=\"widget\" data-e-type=\"widget\" data-widget_type=\"image.default\">\n\t\t\t\t\t\t\t\t\t\t\t\t\t\t\t<img fetchpriority=\"high\" decoding=\"async\" width=\"800\" height=\"852\" src=\"https:\/\/www.hitcommunications.com\/regions\/wp-content\/uploads\/2026\/03\/3-962x1024.png\" class=\"elementor-animation-grow attachment-large size-large wp-image-356\" alt=\"Regi\u00f3n Europea\" srcset=\"https:\/\/www.hitcommunications.com\/regions\/wp-content\/uploads\/2026\/03\/3-962x1024.png 962w, https:\/\/www.hitcommunications.com\/regions\/wp-content\/uploads\/2026\/03\/3-282x300.png 282w, https:\/\/www.hitcommunications.com\/regions\/wp-content\/uploads\/2026\/03\/3-768x818.png 768w, https:\/\/www.hitcommunications.com\/regions\/wp-content\/uploads\/2026\/03\/3.png 1080w\" sizes=\"(max-width: 800px) 100vw, 800px\" \/>\t\t\t\t\t\t\t\t\t\t\t\t\t\t\t<\/div>\n\t\t\t\t<div class=\"elementor-element elementor-element-a8b6882 elementor-widget elementor-widget-image\" data-id=\"a8b6882\" data-element_type=\"widget\" data-e-type=\"widget\" data-widget_type=\"image.default\">\n\t\t\t\t\t\t\t\t\t\t\t\t\t\t\t<img decoding=\"async\" width=\"800\" height=\"852\" src=\"https:\/\/www.hitcommunications.com\/regions\/wp-content\/uploads\/2026\/03\/2-962x1024.png\" class=\"elementor-animation-grow attachment-large size-large wp-image-355\" alt=\"Regi\u00f3n Suramerica\" srcset=\"https:\/\/www.hitcommunications.com\/regions\/wp-content\/uploads\/2026\/03\/2-962x1024.png 962w, https:\/\/www.hitcommunications.com\/regions\/wp-content\/uploads\/2026\/03\/2-282x300.png 282w, https:\/\/www.hitcommunications.com\/regions\/wp-content\/uploads\/2026\/03\/2-768x818.png 768w, https:\/\/www.hitcommunications.com\/regions\/wp-content\/uploads\/2026\/03\/2.png 1080w\" sizes=\"(max-width: 800px) 100vw, 800px\" \/>\t\t\t\t\t\t\t\t\t\t\t\t\t\t\t<\/div>\n\t\t\t\t<div class=\"elementor-element elementor-element-e02f5c8 elementor-widget elementor-widget-image\" data-id=\"e02f5c8\" data-element_type=\"widget\" data-e-type=\"widget\" data-widget_type=\"image.default\">\n\t\t\t\t\t\t\t\t\t\t\t\t\t\t\t<img decoding=\"async\" width=\"800\" height=\"852\" src=\"https:\/\/www.hitcommunications.com\/regions\/wp-content\/uploads\/2026\/03\/1-962x1024.png\" class=\"elementor-animation-grow attachment-large size-large wp-image-354\" alt=\"Regi\u00f3n Norteamerica\" srcset=\"https:\/\/www.hitcommunications.com\/regions\/wp-content\/uploads\/2026\/03\/1-962x1024.png 962w, https:\/\/www.hitcommunications.com\/regions\/wp-content\/uploads\/2026\/03\/1-282x300.png 282w, https:\/\/www.hitcommunications.com\/regions\/wp-content\/uploads\/2026\/03\/1-768x818.png 768w, https:\/\/www.hitcommunications.com\/regions\/wp-content\/uploads\/2026\/03\/1.png 1080w\" sizes=\"(max-width: 800px) 100vw, 800px\" \/>\t\t\t\t\t\t\t\t\t\t\t\t\t\t\t<\/div>\n\t\t\t\t\t<\/div>\n\t\t\t\t<\/div>\n\t\t\t\t<\/div>\n\t\t","protected":false},"excerpt":{"rendered":"<p>Impulsando el potencial de cada regi\u00f3n Sobre Nosotros Nuestros servicios En HIT Communications, nuestra red se expande para llevar soluciones de alta tecnolog\u00eda a cada rinc\u00f3n del pa\u00eds. Nos enfocamos en derribar las barreras geogr\u00e1ficas a trav\u00e9s de una infraestructura de fibra \u00f3ptica y servicios en la nube de \u00faltima generaci\u00f3n, garantizando que tu empresa [&hellip;]<\/p>\n","protected":false},"author":2,"featured_media":29,"parent":0,"menu_order":0,"comment_status":"closed","ping_status":"closed","template":"","meta":{"footnotes":""},"class_list":["post-290","page","type-page","status-publish","has-post-thumbnail","hentry"],"yoast_head":"<!-- This site is optimized with the Yoast SEO plugin v27.0 - https:\/\/yoast.com\/product\/yoast-seo-wordpress\/ -->\n<title>Regi\u00f3n - HIT Communications<\/title>\n<meta name=\"description\" content=\"Conecta en tu regi\u00f3n con las soluciones avanzadas de HIT Communications. velocidad y soporte local para potenciar el crecimiento empresarial.\" \/>\n<meta name=\"robots\" content=\"index, follow, max-snippet:-1, max-image-preview:large, max-video-preview:-1\" \/>\n<link rel=\"canonical\" href=\"https:\/\/www.hitcommunications.com\/regions\/\" \/>\n<meta property=\"og:locale\" content=\"en_US\" \/>\n<meta property=\"og:type\" content=\"article\" \/>\n<meta property=\"og:title\" content=\"Regi\u00f3n - HIT Communications\" \/>\n<meta property=\"og:description\" content=\"Conecta en tu regi\u00f3n con las soluciones avanzadas de HIT Communications. velocidad y soporte local para potenciar el crecimiento empresarial.\" \/>\n<meta property=\"og:url\" content=\"https:\/\/www.hitcommunications.com\/regions\/\" \/>\n<meta property=\"og:site_name\" content=\"HIT Communications\" \/>\n<meta property=\"article:modified_time\" content=\"2026-03-09T22:03:46+00:00\" \/>\n<meta property=\"og:image\" content=\"https:\/\/www.hitcommunications.com\/regions\/wp-content\/uploads\/2026\/01\/Diseno-sin-titulo-10.png\" \/>\n\t<meta property=\"og:image:width\" content=\"350\" \/>\n\t<meta property=\"og:image:height\" content=\"350\" \/>\n\t<meta property=\"og:image:type\" content=\"image\/png\" \/>\n<meta name=\"twitter:card\" content=\"summary_large_image\" \/>\n<meta name=\"twitter:label1\" content=\"Est. reading time\" \/>\n\t<meta name=\"twitter:data1\" content=\"2 minutes\" \/>\n<script type=\"application\/ld+json\" class=\"yoast-schema-graph\">{\"@context\":\"https:\/\/schema.org\",\"@graph\":[{\"@type\":\"WebPage\",\"@id\":\"https:\/\/www.hitcommunications.com\/regions\/\",\"url\":\"https:\/\/www.hitcommunications.com\/regions\/\",\"name\":\"Regi\u00f3n - HIT Communications\",\"isPartOf\":{\"@id\":\"https:\/\/www.hitcommunications.com\/regions\/#website\"},\"primaryImageOfPage\":{\"@id\":\"https:\/\/www.hitcommunications.com\/regions\/#primaryimage\"},\"image\":{\"@id\":\"https:\/\/www.hitcommunications.com\/regions\/#primaryimage\"},\"thumbnailUrl\":\"https:\/\/www.hitcommunications.com\/regions\/wp-content\/uploads\/2026\/01\/Diseno-sin-titulo-10.png\",\"datePublished\":\"2026-03-05T02:11:12+00:00\",\"dateModified\":\"2026-03-09T22:03:46+00:00\",\"description\":\"Conecta en tu regi\u00f3n con las soluciones avanzadas de HIT Communications. velocidad y soporte local para potenciar el crecimiento empresarial.\",\"breadcrumb\":{\"@id\":\"https:\/\/www.hitcommunications.com\/regions\/#breadcrumb\"},\"inLanguage\":\"en-US\",\"potentialAction\":[{\"@type\":\"ReadAction\",\"target\":[\"https:\/\/www.hitcommunications.com\/regions\/\"]}]},{\"@type\":\"ImageObject\",\"inLanguage\":\"en-US\",\"@id\":\"https:\/\/www.hitcommunications.com\/regions\/#primaryimage\",\"url\":\"https:\/\/www.hitcommunications.com\/regions\/wp-content\/uploads\/2026\/01\/Diseno-sin-titulo-10.png\",\"contentUrl\":\"https:\/\/www.hitcommunications.com\/regions\/wp-content\/uploads\/2026\/01\/Diseno-sin-titulo-10.png\",\"width\":350,\"height\":350,\"caption\":\"Para Regi\u00f3n\"},{\"@type\":\"BreadcrumbList\",\"@id\":\"https:\/\/www.hitcommunications.com\/regions\/#breadcrumb\",\"itemListElement\":[{\"@type\":\"ListItem\",\"position\":1,\"name\":\"Home\",\"item\":\"https:\/\/www.hitcommunications.com\/regions\/\"},{\"@type\":\"ListItem\",\"position\":2,\"name\":\"REGIONS\"}]},{\"@type\":\"WebSite\",\"@id\":\"https:\/\/www.hitcommunications.com\/regions\/#website\",\"url\":\"https:\/\/www.hitcommunications.com\/regions\/\",\"name\":\"HIT Communications\",\"description\":\"Portales regionales de HIT Communications. Elige tu pa\u00eds y accede a soluciones, recursos y contacto local para comunicaciones empresariales y ciberseguridad.\",\"publisher\":{\"@id\":\"https:\/\/www.hitcommunications.com\/regions\/#organization\"},\"potentialAction\":[{\"@type\":\"SearchAction\",\"target\":{\"@type\":\"EntryPoint\",\"urlTemplate\":\"https:\/\/www.hitcommunications.com\/regions\/?s={search_term_string}\"},\"query-input\":{\"@type\":\"PropertyValueSpecification\",\"valueRequired\":true,\"valueName\":\"search_term_string\"}}],\"inLanguage\":\"en-US\"},{\"@type\":\"Organization\",\"@id\":\"https:\/\/www.hitcommunications.com\/regions\/#organization\",\"name\":\"HIT Communications\",\"url\":\"https:\/\/www.hitcommunications.com\/regions\/\",\"logo\":{\"@type\":\"ImageObject\",\"inLanguage\":\"en-US\",\"@id\":\"https:\/\/www.hitcommunications.com\/regions\/#\/schema\/logo\/image\/\",\"url\":\"https:\/\/www.hitcommunications.com\/regions\/wp-content\/uploads\/2026\/01\/Diseno-sin-titulo-10.png\",\"contentUrl\":\"https:\/\/www.hitcommunications.com\/regions\/wp-content\/uploads\/2026\/01\/Diseno-sin-titulo-10.png\",\"width\":350,\"height\":350,\"caption\":\"HIT Communications\"},\"image\":{\"@id\":\"https:\/\/www.hitcommunications.com\/regions\/#\/schema\/logo\/image\/\"}}]}<\/script>\n<!-- \/ Yoast SEO plugin. -->","yoast_head_json":{"title":"Regi\u00f3n - HIT Communications","description":"Conecta en tu regi\u00f3n con las soluciones avanzadas de HIT Communications. velocidad y soporte local para potenciar el crecimiento empresarial.","robots":{"index":"index","follow":"follow","max-snippet":"max-snippet:-1","max-image-preview":"max-image-preview:large","max-video-preview":"max-video-preview:-1"},"canonical":"https:\/\/www.hitcommunications.com\/regions\/","og_locale":"en_US","og_type":"article","og_title":"Regi\u00f3n - HIT Communications","og_description":"Conecta en tu regi\u00f3n con las soluciones avanzadas de HIT Communications. velocidad y soporte local para potenciar el crecimiento empresarial.","og_url":"https:\/\/www.hitcommunications.com\/regions\/","og_site_name":"HIT Communications","article_modified_time":"2026-03-09T22:03:46+00:00","og_image":[{"width":350,"height":350,"url":"https:\/\/www.hitcommunications.com\/regions\/wp-content\/uploads\/2026\/01\/Diseno-sin-titulo-10.png","type":"image\/png"}],"twitter_card":"summary_large_image","twitter_misc":{"Est. reading time":"2 minutes"},"schema":{"@context":"https:\/\/schema.org","@graph":[{"@type":"WebPage","@id":"https:\/\/www.hitcommunications.com\/regions\/","url":"https:\/\/www.hitcommunications.com\/regions\/","name":"Regi\u00f3n - HIT Communications","isPartOf":{"@id":"https:\/\/www.hitcommunications.com\/regions\/#website"},"primaryImageOfPage":{"@id":"https:\/\/www.hitcommunications.com\/regions\/#primaryimage"},"image":{"@id":"https:\/\/www.hitcommunications.com\/regions\/#primaryimage"},"thumbnailUrl":"https:\/\/www.hitcommunications.com\/regions\/wp-content\/uploads\/2026\/01\/Diseno-sin-titulo-10.png","datePublished":"2026-03-05T02:11:12+00:00","dateModified":"2026-03-09T22:03:46+00:00","description":"Conecta en tu regi\u00f3n con las soluciones avanzadas de HIT Communications. velocidad y soporte local para potenciar el crecimiento empresarial.","breadcrumb":{"@id":"https:\/\/www.hitcommunications.com\/regions\/#breadcrumb"},"inLanguage":"en-US","potentialAction":[{"@type":"ReadAction","target":["https:\/\/www.hitcommunications.com\/regions\/"]}]},{"@type":"ImageObject","inLanguage":"en-US","@id":"https:\/\/www.hitcommunications.com\/regions\/#primaryimage","url":"https:\/\/www.hitcommunications.com\/regions\/wp-content\/uploads\/2026\/01\/Diseno-sin-titulo-10.png","contentUrl":"https:\/\/www.hitcommunications.com\/regions\/wp-content\/uploads\/2026\/01\/Diseno-sin-titulo-10.png","width":350,"height":350,"caption":"Para Regi\u00f3n"},{"@type":"BreadcrumbList","@id":"https:\/\/www.hitcommunications.com\/regions\/#breadcrumb","itemListElement":[{"@type":"ListItem","position":1,"name":"Home","item":"https:\/\/www.hitcommunications.com\/regions\/"},{"@type":"ListItem","position":2,"name":"REGIONS"}]},{"@type":"WebSite","@id":"https:\/\/www.hitcommunications.com\/regions\/#website","url":"https:\/\/www.hitcommunications.com\/regions\/","name":"HIT Communications","description":"Portales regionales de HIT Communications. Elige tu pa\u00eds y accede a soluciones, recursos y contacto local para comunicaciones empresariales y ciberseguridad.","publisher":{"@id":"https:\/\/www.hitcommunications.com\/regions\/#organization"},"potentialAction":[{"@type":"SearchAction","target":{"@type":"EntryPoint","urlTemplate":"https:\/\/www.hitcommunications.com\/regions\/?s={search_term_string}"},"query-input":{"@type":"PropertyValueSpecification","valueRequired":true,"valueName":"search_term_string"}}],"inLanguage":"en-US"},{"@type":"Organization","@id":"https:\/\/www.hitcommunications.com\/regions\/#organization","name":"HIT Communications","url":"https:\/\/www.hitcommunications.com\/regions\/","logo":{"@type":"ImageObject","inLanguage":"en-US","@id":"https:\/\/www.hitcommunications.com\/regions\/#\/schema\/logo\/image\/","url":"https:\/\/www.hitcommunications.com\/regions\/wp-content\/uploads\/2026\/01\/Diseno-sin-titulo-10.png","contentUrl":"https:\/\/www.hitcommunications.com\/regions\/wp-content\/uploads\/2026\/01\/Diseno-sin-titulo-10.png","width":350,"height":350,"caption":"HIT Communications"},"image":{"@id":"https:\/\/www.hitcommunications.com\/regions\/#\/schema\/logo\/image\/"}}]}},"_links":{"self":[{"href":"https:\/\/www.hitcommunications.com\/regions\/wp-json\/wp\/v2\/pages\/290","targetHints":{"allow":["GET"]}}],"collection":[{"href":"https:\/\/www.hitcommunications.com\/regions\/wp-json\/wp\/v2\/pages"}],"about":[{"href":"https:\/\/www.hitcommunications.com\/regions\/wp-json\/wp\/v2\/types\/page"}],"author":[{"embeddable":true,"href":"https:\/\/www.hitcommunications.com\/regions\/wp-json\/wp\/v2\/users\/2"}],"replies":[{"embeddable":true,"href":"https:\/\/www.hitcommunications.com\/regions\/wp-json\/wp\/v2\/comments?post=290"}],"version-history":[{"count":17,"href":"https:\/\/www.hitcommunications.com\/regions\/wp-json\/wp\/v2\/pages\/290\/revisions"}],"predecessor-version":[{"id":367,"href":"https:\/\/www.hitcommunications.com\/regions\/wp-json\/wp\/v2\/pages\/290\/revisions\/367"}],"wp:featuredmedia":[{"embeddable":true,"href":"https:\/\/www.hitcommunications.com\/regions\/wp-json\/wp\/v2\/media\/29"}],"wp:attachment":[{"href":"https:\/\/www.hitcommunications.com\/regions\/wp-json\/wp\/v2\/media?parent=290"}],"curies":[{"name":"wp","href":"https:\/\/api.w.org\/{rel}","templated":true}]}}