{"id":1892,"date":"2025-05-06T15:50:55","date_gmt":"2025-05-06T18:50:55","guid":{"rendered":"https:\/\/www.hitcommunications.com\/?page_id=1892"},"modified":"2025-10-08T16:59:09","modified_gmt":"2025-10-08T19:59:09","slug":"servicos-de-ti","status":"publish","type":"page","link":"https:\/\/www.hitcommunications.com\/es\/servicos-de-ti\/","title":{"rendered":"Servicios de TI"},"content":{"rendered":"<div data-elementor-type=\"wp-page\" data-elementor-id=\"1892\" class=\"elementor elementor-1892\" data-elementor-post-type=\"page\">\n\t\t\t\t<div class=\"elementor-element elementor-element-06aa8c2 e-con-full e-flex e-con e-parent\" data-id=\"06aa8c2\" data-element_type=\"container\">\n\t\t<div class=\"elementor-element elementor-element-33a5308 e-flex e-con-boxed e-con e-child\" data-id=\"33a5308\" data-element_type=\"container\" data-settings=\"{&quot;background_background&quot;:&quot;classic&quot;}\">\n\t\t\t\t\t<div class=\"e-con-inner\">\n\t\t<div class=\"elementor-element elementor-element-d5c947c e-con-full e-flex e-con e-child\" data-id=\"d5c947c\" data-element_type=\"container\">\n\t\t\t\t<div class=\"elementor-element elementor-element-4f6cfb5 elementor-widget__width-initial elementor-widget elementor-widget-heading\" data-id=\"4f6cfb5\" data-element_type=\"widget\" data-widget_type=\"heading.default\">\n\t\t\t\t<div class=\"elementor-widget-container\">\n\t\t\t\t\t<h3 class=\"elementor-heading-title elementor-size-default\">Servicios de TI<\/h3>\t\t\t\t<\/div>\n\t\t\t\t<\/div>\n\t\t\t\t<div class=\"elementor-element elementor-element-ed0a84e elementor-widget__width-initial elementor-widget-tablet__width-inherit elementor-widget elementor-widget-text-editor\" data-id=\"ed0a84e\" data-element_type=\"widget\" data-widget_type=\"text-editor.default\">\n\t\t\t\t<div class=\"elementor-widget-container\">\n\t\t\t\t\t\t\t\t\t<p>Conf\u00ede en los servicios de TI de HIT para externalizar de forma segura y eficiente la gesti\u00f3n de su infraestructura, soporte t\u00e9cnico y servicios internos. Todo ello con flexibilidad, contratos a medida y soporte t\u00e9cnico cualificado, sin comprometer la continuidad de sus operaciones.<\/p>\t\t\t\t\t\t\t\t<\/div>\n\t\t\t\t<\/div>\n\t\t\t\t<\/div>\n\t\t\t\t\t<\/div>\n\t\t\t\t<\/div>\n\t\t\t\t<\/div>\n\t\t<div class=\"elementor-element elementor-element-14d57ad3 e-flex e-con-boxed e-con e-parent\" data-id=\"14d57ad3\" data-element_type=\"container\">\n\t\t\t\t\t<div class=\"e-con-inner\">\n\t\t\t\t<div class=\"elementor-element elementor-element-ee22931 elementor-widget elementor-widget-image\" data-id=\"ee22931\" data-element_type=\"widget\" data-widget_type=\"image.default\">\n\t\t\t\t<div class=\"elementor-widget-container\">\n\t\t\t\t\t\t\t\t\t\t\t\t\t\t\t<img fetchpriority=\"high\" decoding=\"async\" width=\"1400\" height=\"455\" src=\"https:\/\/www.hitcommunications.com\/wp-content\/uploads\/2025\/05\/Multioperadora-1.png\" class=\"attachment-full size-full wp-image-1912\" alt=\"\" srcset=\"https:\/\/www.hitcommunications.com\/wp-content\/uploads\/2025\/05\/Multioperadora-1.png 1400w, https:\/\/www.hitcommunications.com\/wp-content\/uploads\/2025\/05\/Multioperadora-1-300x98.png 300w, https:\/\/www.hitcommunications.com\/wp-content\/uploads\/2025\/05\/Multioperadora-1-1024x333.png 1024w, https:\/\/www.hitcommunications.com\/wp-content\/uploads\/2025\/05\/Multioperadora-1-768x250.png 768w\" sizes=\"(max-width: 1400px) 100vw, 1400px\" \/>\t\t\t\t\t\t\t\t\t\t\t\t\t\t\t<\/div>\n\t\t\t\t<\/div>\n\t\t\t\t<div class=\"elementor-element elementor-element-e1fb864 elementor-widget elementor-widget-heading\" data-id=\"e1fb864\" data-element_type=\"widget\" data-widget_type=\"heading.default\">\n\t\t\t\t<div class=\"elementor-widget-container\">\n\t\t\t\t\t<h4 class=\"elementor-heading-title elementor-size-default\">BENEFICIOS<\/h4>\t\t\t\t<\/div>\n\t\t\t\t<\/div>\n\t\t\t\t<div class=\"elementor-element elementor-element-2563a600 elementor-widget elementor-widget-text-editor\" data-id=\"2563a600\" data-element_type=\"widget\" data-widget_type=\"text-editor.default\">\n\t\t\t\t<div class=\"elementor-widget-container\">\n\t\t\t\t\t\t\t\t\t<p>\u2981 <strong>Reduzca sus costos operativos:<\/strong> Subcontrate la conectividad y la gesti\u00f3n de contratos con ganancias en productividad, escalabilidad y previsibilidad.<\/p><p>\u2981 <strong>Centraliza todo con un \u00fanico proveedor:<\/strong>\u00a0Elimina la dependencia de m\u00faltiples contratos y concentra la gesti\u00f3n con HIT desde un \u00fanico punto de control.<\/p><p>\u2981 <strong>Actuar con inteligencia de amenazas:<\/strong> Conf\u00ede en la correlaci\u00f3n de eventos en tiempo real, el an\u00e1lisis del comportamiento y la respuesta r\u00e1pida a incidentes.<\/p><p>\u2981 <strong>Garantizar la continuidad del negocio:<\/strong> Mantenga su operaci\u00f3n en funcionamiento con planes estructurados de respuesta, recuperaci\u00f3n y prevenci\u00f3n.<\/p><p>\u2981 <strong>Simplifique su gobernanza de TI:<\/strong> Consolide contratos y estandarice los niveles de servicio con mayor control y menor ruido operativo.<\/p><p>\u2981 <strong>Gane flexibilidad operativa:<\/strong> Obtenga servicios de TI adaptados a sus necesidades y a su estrategia de negocio.<\/p><p><strong>\u2022 Mejorar la experiencia del servicio interno y externo:<\/strong> Con soporte t\u00e9cnico omnicanal y un equipo especializado trabajando directamente en los puntos cr\u00edticos.<\/p>\t\t\t\t\t\t\t\t<\/div>\n\t\t\t\t<\/div>\n\t\t\t\t\t<\/div>\n\t\t\t\t<\/div>\n\t\t<div class=\"elementor-element elementor-element-c52a7ae e-con-full e-flex e-con e-parent\" data-id=\"c52a7ae\" data-element_type=\"container\">\n\t\t\t\t<div class=\"elementor-element elementor-element-9d9316d elementor-widget elementor-widget-template\" data-id=\"9d9316d\" data-element_type=\"widget\" data-widget_type=\"template.default\">\n\t\t\t\t<div class=\"elementor-widget-container\">\n\t\t\t\t\t\t\t<div class=\"elementor-template\">\n\t\t\t\t\t<div data-elementor-type=\"section\" data-elementor-id=\"991\" class=\"elementor elementor-991\" data-elementor-post-type=\"elementor_library\">\n\t\t\t<div class=\"elementor-element elementor-element-feb4b6d e-flex e-con-boxed e-con e-parent\" data-id=\"feb4b6d\" data-element_type=\"container\" data-settings=\"{&quot;background_background&quot;:&quot;classic&quot;}\">\n\t\t\t\t\t<div class=\"e-con-inner\">\n\t\t<div class=\"elementor-element elementor-element-83d9415 e-con-full e-flex e-con e-child\" data-id=\"83d9415\" data-element_type=\"container\">\n\t\t\t\t<div class=\"elementor-element elementor-element-b129486 elementor-view-default elementor-widget elementor-widget-icon\" data-id=\"b129486\" data-element_type=\"widget\" data-widget_type=\"icon.default\">\n\t\t\t\t<div class=\"elementor-widget-container\">\n\t\t\t\t\t\t\t<div class=\"elementor-icon-wrapper\">\n\t\t\t<div class=\"elementor-icon\">\n\t\t\t<svg xmlns=\"http:\/\/www.w3.org\/2000\/svg\" width=\"108\" height=\"108\" viewbox=\"0 0 108 108\" fill=\"none\"><path d=\"M60.3213 47.3701C63.7903 50.8392 63.7643 56.5417 60.2636 60.0425C56.7628 63.5433 51.0602 63.5693 47.5912 60.1003C44.1221 56.6312 44.1481 50.9287 47.6489 47.4279C51.1497 43.9271 56.8523 43.9011 60.3213 47.3701ZM53.7111 107.53C83.3646 107.394 107.584 83.1754 107.719 53.5219C107.73 51.0508 105.743 49.064 103.272 49.0753C100.801 49.0865 98.796 51.0915 98.7847 53.5626C98.6721 78.2738 78.4949 98.4511 53.7837 98.5637C51.3125 98.5749 49.3076 100.58 49.2963 103.051C49.2905 104.318 49.7925 105.393 50.6125 106.213C51.4324 107.033 52.5391 107.503 53.7745 107.529L53.7111 107.53ZM53.8133 85.0994C62.1771 85.0613 70.0806 81.7622 76.0319 75.8109C81.9832 69.8595 85.2823 61.9561 85.3204 53.5923C85.3317 51.1212 83.3449 49.1344 80.8738 49.1456C78.4026 49.1569 76.3976 51.1619 76.3864 53.633C76.3592 59.589 73.9892 65.2389 69.7246 69.5035C65.46 73.7681 59.8419 76.1064 53.854 76.1654C51.3829 76.1766 49.3779 78.1816 49.3667 80.6527C49.3609 81.92 49.8629 82.9948 50.6828 83.8148C51.5028 84.6347 52.6094 85.1049 53.8449 85.1309L53.8133 85.0994ZM4.64008 58.4585C7.1112 58.4472 9.11619 56.4422 9.12745 53.9711C9.24003 29.2599 29.4173 9.08266 54.1285 8.97008C56.5996 8.95882 58.6046 6.95382 58.6159 4.48271C58.6271 2.01159 56.6403 0.0247768 54.1692 0.0360344C24.5794 0.107481 0.328508 24.3584 0.161871 53.9803C0.156099 55.2475 0.658085 56.3224 1.47804 57.1423C2.29799 57.9623 3.40466 58.4324 4.64008 58.4585ZM27.0702 58.3563C29.5413 58.345 31.5463 56.34 31.5576 53.8689C31.6139 41.5133 41.7025 31.4247 54.0581 31.3684C56.5292 31.3572 58.5342 29.3522 58.5455 26.881C58.5568 24.4099 56.5699 22.4231 54.0988 22.4344C36.801 22.5132 22.6705 36.6436 22.5917 53.9415C22.586 55.2087 23.088 56.2835 23.9079 57.1035C24.7279 57.9234 25.8345 58.3936 27.0699 58.4197L27.0702 58.3563Z\" fill=\"#EA591A\"><\/path><\/svg>\t\t\t<\/div>\n\t\t<\/div>\n\t\t\t\t\t\t<\/div>\n\t\t\t\t<\/div>\n\t\t\t\t<div class=\"elementor-element elementor-element-87b724e elementor-widget__width-initial elementor-widget elementor-widget-heading\" data-id=\"87b724e\" data-element_type=\"widget\" data-widget_type=\"heading.default\">\n\t\t\t\t<div class=\"elementor-widget-container\">\n\t\t\t\t\t<h3 class=\"elementor-heading-title elementor-size-default\">Conectarse a <span>futuro con HIT<\/span><\/h3>\t\t\t\t<\/div>\n\t\t\t\t<\/div>\n\t\t\t\t<div class=\"elementor-element elementor-element-0fc38a3 elementor-widget-mobile__width-initial elementor-hidden-mobile elementor-widget elementor-widget-text-editor\" data-id=\"0fc38a3\" data-element_type=\"widget\" data-widget_type=\"text-editor.default\">\n\t\t\t\t<div class=\"elementor-widget-container\">\n\t\t\t\t\t\t\t\t\t<p>Descubra c\u00f3mo podemos transformar su negocio. \u00a1Hable con uno de nuestros expertos ahora!<\/p>\t\t\t\t\t\t\t\t<\/div>\n\t\t\t\t<\/div>\n\t\t\t\t<div class=\"elementor-element elementor-element-d9ed681 elementor-widget-mobile__width-initial elementor-hidden-desktop elementor-hidden-laptop elementor-hidden-tablet elementor-widget elementor-widget-text-editor\" data-id=\"d9ed681\" data-element_type=\"widget\" data-widget_type=\"text-editor.default\">\n\t\t\t\t<div class=\"elementor-widget-container\">\n\t\t\t\t\t\t\t\t\t<p>Descubra c\u00f3mo podemos transformar su negocio. \u00a1Hable con uno de nuestros expertos ahora!<\/p>\t\t\t\t\t\t\t\t<\/div>\n\t\t\t\t<\/div>\n\t\t\t\t<div class=\"elementor-element elementor-element-f72345d elementor-hidden-mobile elementor-widget elementor-widget-button\" data-id=\"f72345d\" data-element_type=\"widget\" data-widget_type=\"button.default\">\n\t\t\t\t<div class=\"elementor-widget-container\">\n\t\t\t\t\t\t\t\t\t<div class=\"elementor-button-wrapper\">\n\t\t\t\t\t<a class=\"elementor-button elementor-button-link elementor-size-sm\" href=\"https:\/\/api.whatsapp.com\/send?phone=551123970000\" target=\"_blank\">\n\t\t\t\t\t\t<span class=\"elementor-button-content-wrapper\">\n\t\t\t\t\t\t<span class=\"elementor-button-icon\">\n\t\t\t\t<i aria-hidden=\"true\" class=\"icon icon-chevron-right\"><\/i>\t\t\t<\/span>\n\t\t\t\t\t\t\t\t\t<span class=\"elementor-button-text\">Ponte en contacto con nosotros<\/span>\n\t\t\t\t\t<\/span>\n\t\t\t\t\t<\/a>\n\t\t\t\t<\/div>\n\t\t\t\t\t\t\t\t<\/div>\n\t\t\t\t<\/div>\n\t\t\t\t<\/div>\n\t\t\t\t\t<\/div>\n\t\t\t\t<\/div>\n\t\t\t\t<\/div>\n\t\t\t\t<\/div>\n\t\t\t\t\t\t<\/div>\n\t\t\t\t<\/div>\n\t\t\t\t<\/div>\n\t\t\t\t<\/div>","protected":false},"excerpt":{"rendered":"<p>Servicios de TI. Conf\u00ede en los servicios de TI de HIT para externalizar de forma segura y eficiente la gesti\u00f3n de su infraestructura, soporte t\u00e9cnico y servicios internos. Todo ello con flexibilidad, contratos a medida y soporte t\u00e9cnico cualificado, sin comprometer la continuidad de sus operaciones. BENEFICIOS \u2981 Reduzca sus costes operativos: Externalice la gesti\u00f3n de [\u2026]<\/p>","protected":false},"author":6,"featured_media":0,"parent":0,"menu_order":0,"comment_status":"closed","ping_status":"closed","template":"","meta":{"_acf_changed":false,"_joinchat":[],"footnotes":""},"class_list":["post-1892","page","type-page","status-publish","hentry"],"acf":[],"yoast_head":"<!-- This site is optimized with the Yoast SEO plugin v25.7 - https:\/\/yoast.com\/wordpress\/plugins\/seo\/ -->\n<title>Servi\u00e7os de TI - HIT - Communications<\/title>\n<meta name=\"robots\" content=\"index, follow, max-snippet:-1, max-image-preview:large, max-video-preview:-1\" \/>\n<link rel=\"canonical\" href=\"https:\/\/www.hitcommunications.com\/es\/servicos-de-ti\/\" \/>\n<meta property=\"og:locale\" content=\"es_ES\" \/>\n<meta property=\"og:type\" content=\"article\" \/>\n<meta property=\"og:title\" content=\"Servi\u00e7os de TI - HIT - Communications\" \/>\n<meta property=\"og:description\" content=\"Servi\u00e7os de TI Conte com os servi\u00e7os de TI da HIT para terceirizar com seguran\u00e7a e efici\u00eancia a gest\u00e3o da sua infraestrutura, suporte t\u00e9cnico e atendimento interno. Tudo isso com flexibilidade, contrato sob medida e suporte t\u00e9cnico qualificado, sem comprometer a continuidade da sua opera\u00e7\u00e3o. BENEF\u00cdCIOS \u2981 Reduza seus custos operacionais: Terceirize a gest\u00e3o de [&hellip;]\" \/>\n<meta property=\"og:url\" content=\"https:\/\/www.hitcommunications.com\/es\/servicos-de-ti\/\" \/>\n<meta property=\"og:site_name\" content=\"HIT - Communications\" \/>\n<meta property=\"article:modified_time\" content=\"2025-10-08T19:59:09+00:00\" \/>\n<meta property=\"og:image\" content=\"https:\/\/www.hitcommunications.com\/wp-content\/uploads\/2025\/05\/Multioperadora-1.png\" \/>\n\t<meta property=\"og:image:width\" content=\"1400\" \/>\n\t<meta property=\"og:image:height\" content=\"455\" \/>\n\t<meta property=\"og:image:type\" content=\"image\/png\" \/>\n<meta name=\"twitter:card\" content=\"summary_large_image\" \/>\n<meta name=\"twitter:label1\" content=\"Tiempo de lectura\" \/>\n\t<meta name=\"twitter:data1\" content=\"2 minutos\" \/>\n<script type=\"application\/ld+json\" class=\"yoast-schema-graph\">{\"@context\":\"https:\/\/schema.org\",\"@graph\":[{\"@type\":\"WebPage\",\"@id\":\"https:\/\/www.hitcommunications.com\/pt_br\/servicos-de-ti\/\",\"url\":\"https:\/\/www.hitcommunications.com\/pt_br\/servicos-de-ti\/\",\"name\":\"Servi\u00e7os de TI - HIT - Communications\",\"isPartOf\":{\"@id\":\"https:\/\/www.hitcommunications.com\/#website\"},\"primaryImageOfPage\":{\"@id\":\"https:\/\/www.hitcommunications.com\/pt_br\/servicos-de-ti\/#primaryimage\"},\"image\":{\"@id\":\"https:\/\/www.hitcommunications.com\/pt_br\/servicos-de-ti\/#primaryimage\"},\"thumbnailUrl\":\"https:\/\/www.hitcommunications.com\/wp-content\/uploads\/2025\/05\/Multioperadora-1.png\",\"datePublished\":\"2025-05-06T18:50:55+00:00\",\"dateModified\":\"2025-10-08T19:59:09+00:00\",\"breadcrumb\":{\"@id\":\"https:\/\/www.hitcommunications.com\/pt_br\/servicos-de-ti\/#breadcrumb\"},\"inLanguage\":\"es\",\"potentialAction\":[{\"@type\":\"ReadAction\",\"target\":[\"https:\/\/www.hitcommunications.com\/pt_br\/servicos-de-ti\/\"]}]},{\"@type\":\"ImageObject\",\"inLanguage\":\"es\",\"@id\":\"https:\/\/www.hitcommunications.com\/pt_br\/servicos-de-ti\/#primaryimage\",\"url\":\"https:\/\/www.hitcommunications.com\/wp-content\/uploads\/2025\/05\/Multioperadora-1.png\",\"contentUrl\":\"https:\/\/www.hitcommunications.com\/wp-content\/uploads\/2025\/05\/Multioperadora-1.png\"},{\"@type\":\"BreadcrumbList\",\"@id\":\"https:\/\/www.hitcommunications.com\/pt_br\/servicos-de-ti\/#breadcrumb\",\"itemListElement\":[{\"@type\":\"ListItem\",\"position\":1,\"name\":\"In\u00edcio\",\"item\":\"https:\/\/www.hitcommunications.com\/\"},{\"@type\":\"ListItem\",\"position\":2,\"name\":\"Servi\u00e7os de TI\"}]},{\"@type\":\"WebSite\",\"@id\":\"https:\/\/www.hitcommunications.com\/#website\",\"url\":\"https:\/\/www.hitcommunications.com\/\",\"name\":\"HIT - Communications\",\"description\":\"\",\"publisher\":{\"@id\":\"https:\/\/www.hitcommunications.com\/#organization\"},\"potentialAction\":[{\"@type\":\"SearchAction\",\"target\":{\"@type\":\"EntryPoint\",\"urlTemplate\":\"https:\/\/www.hitcommunications.com\/?s={search_term_string}\"},\"query-input\":{\"@type\":\"PropertyValueSpecification\",\"valueRequired\":true,\"valueName\":\"search_term_string\"}}],\"inLanguage\":\"es\"},{\"@type\":\"Organization\",\"@id\":\"https:\/\/www.hitcommunications.com\/#organization\",\"name\":\"HIT - Communications\",\"url\":\"https:\/\/www.hitcommunications.com\/\",\"logo\":{\"@type\":\"ImageObject\",\"inLanguage\":\"es\",\"@id\":\"https:\/\/www.hitcommunications.com\/#\/schema\/logo\/image\/\",\"url\":\"https:\/\/www.hitcommunications.com\/wp-content\/uploads\/2023\/05\/Capa_1.png\",\"contentUrl\":\"https:\/\/www.hitcommunications.com\/wp-content\/uploads\/2023\/05\/Capa_1.png\",\"width\":657,\"height\":503,\"caption\":\"HIT - Communications\"},\"image\":{\"@id\":\"https:\/\/www.hitcommunications.com\/#\/schema\/logo\/image\/\"}}]}<\/script>\n<!-- \/ Yoast SEO plugin. -->","yoast_head_json":{"title":"Servi\u00e7os de TI - HIT - Communications","robots":{"index":"index","follow":"follow","max-snippet":"max-snippet:-1","max-image-preview":"max-image-preview:large","max-video-preview":"max-video-preview:-1"},"canonical":"https:\/\/www.hitcommunications.com\/es\/servicos-de-ti\/","og_locale":"es_ES","og_type":"article","og_title":"Servi\u00e7os de TI - HIT - Communications","og_description":"Servi\u00e7os de TI Conte com os servi\u00e7os de TI da HIT para terceirizar com seguran\u00e7a e efici\u00eancia a gest\u00e3o da sua infraestrutura, suporte t\u00e9cnico e atendimento interno. Tudo isso com flexibilidade, contrato sob medida e suporte t\u00e9cnico qualificado, sem comprometer a continuidade da sua opera\u00e7\u00e3o. BENEF\u00cdCIOS \u2981 Reduza seus custos operacionais: Terceirize a gest\u00e3o de [&hellip;]","og_url":"https:\/\/www.hitcommunications.com\/es\/servicos-de-ti\/","og_site_name":"HIT - Communications","article_modified_time":"2025-10-08T19:59:09+00:00","og_image":[{"width":1400,"height":455,"url":"https:\/\/www.hitcommunications.com\/wp-content\/uploads\/2025\/05\/Multioperadora-1.png","type":"image\/png"}],"twitter_card":"summary_large_image","twitter_misc":{"Tiempo de lectura":"2 minutos"},"schema":{"@context":"https:\/\/schema.org","@graph":[{"@type":"WebPage","@id":"https:\/\/www.hitcommunications.com\/pt_br\/servicos-de-ti\/","url":"https:\/\/www.hitcommunications.com\/pt_br\/servicos-de-ti\/","name":"Servi\u00e7os de TI - HIT - Communications","isPartOf":{"@id":"https:\/\/www.hitcommunications.com\/#website"},"primaryImageOfPage":{"@id":"https:\/\/www.hitcommunications.com\/pt_br\/servicos-de-ti\/#primaryimage"},"image":{"@id":"https:\/\/www.hitcommunications.com\/pt_br\/servicos-de-ti\/#primaryimage"},"thumbnailUrl":"https:\/\/www.hitcommunications.com\/wp-content\/uploads\/2025\/05\/Multioperadora-1.png","datePublished":"2025-05-06T18:50:55+00:00","dateModified":"2025-10-08T19:59:09+00:00","breadcrumb":{"@id":"https:\/\/www.hitcommunications.com\/pt_br\/servicos-de-ti\/#breadcrumb"},"inLanguage":"es","potentialAction":[{"@type":"ReadAction","target":["https:\/\/www.hitcommunications.com\/pt_br\/servicos-de-ti\/"]}]},{"@type":"ImageObject","inLanguage":"es","@id":"https:\/\/www.hitcommunications.com\/pt_br\/servicos-de-ti\/#primaryimage","url":"https:\/\/www.hitcommunications.com\/wp-content\/uploads\/2025\/05\/Multioperadora-1.png","contentUrl":"https:\/\/www.hitcommunications.com\/wp-content\/uploads\/2025\/05\/Multioperadora-1.png"},{"@type":"BreadcrumbList","@id":"https:\/\/www.hitcommunications.com\/pt_br\/servicos-de-ti\/#breadcrumb","itemListElement":[{"@type":"ListItem","position":1,"name":"In\u00edcio","item":"https:\/\/www.hitcommunications.com\/"},{"@type":"ListItem","position":2,"name":"Servi\u00e7os de TI"}]},{"@type":"WebSite","@id":"https:\/\/www.hitcommunications.com\/#website","url":"https:\/\/www.hitcommunications.com\/","name":"HIT - Communications","description":"","publisher":{"@id":"https:\/\/www.hitcommunications.com\/#organization"},"potentialAction":[{"@type":"SearchAction","target":{"@type":"EntryPoint","urlTemplate":"https:\/\/www.hitcommunications.com\/?s={search_term_string}"},"query-input":{"@type":"PropertyValueSpecification","valueRequired":true,"valueName":"search_term_string"}}],"inLanguage":"es"},{"@type":"Organization","@id":"https:\/\/www.hitcommunications.com\/#organization","name":"HIT - Communications","url":"https:\/\/www.hitcommunications.com\/","logo":{"@type":"ImageObject","inLanguage":"es","@id":"https:\/\/www.hitcommunications.com\/#\/schema\/logo\/image\/","url":"https:\/\/www.hitcommunications.com\/wp-content\/uploads\/2023\/05\/Capa_1.png","contentUrl":"https:\/\/www.hitcommunications.com\/wp-content\/uploads\/2023\/05\/Capa_1.png","width":657,"height":503,"caption":"HIT - Communications"},"image":{"@id":"https:\/\/www.hitcommunications.com\/#\/schema\/logo\/image\/"}}]}},"_links":{"self":[{"href":"https:\/\/www.hitcommunications.com\/es\/wp-json\/wp\/v2\/pages\/1892","targetHints":{"allow":["GET"]}}],"collection":[{"href":"https:\/\/www.hitcommunications.com\/es\/wp-json\/wp\/v2\/pages"}],"about":[{"href":"https:\/\/www.hitcommunications.com\/es\/wp-json\/wp\/v2\/types\/page"}],"author":[{"embeddable":true,"href":"https:\/\/www.hitcommunications.com\/es\/wp-json\/wp\/v2\/users\/6"}],"replies":[{"embeddable":true,"href":"https:\/\/www.hitcommunications.com\/es\/wp-json\/wp\/v2\/comments?post=1892"}],"version-history":[{"count":22,"href":"https:\/\/www.hitcommunications.com\/es\/wp-json\/wp\/v2\/pages\/1892\/revisions"}],"predecessor-version":[{"id":3146,"href":"https:\/\/www.hitcommunications.com\/es\/wp-json\/wp\/v2\/pages\/1892\/revisions\/3146"}],"wp:attachment":[{"href":"https:\/\/www.hitcommunications.com\/es\/wp-json\/wp\/v2\/media?parent=1892"}],"curies":[{"name":"wp","href":"https:\/\/api.w.org\/{rel}","templated":true}]}}